{"id":9,"date":"2024-10-14T07:21:02","date_gmt":"2024-10-14T07:21:02","guid":{"rendered":"https:\/\/prodaja-nepremicnine.si\/?page_id=9"},"modified":"2024-10-14T07:38:32","modified_gmt":"2024-10-14T07:38:32","slug":"elementor-9","status":"publish","type":"page","link":"https:\/\/prodaja-nepremicnine.si\/","title":{"rendered":"Prodaja nepremi\u010dnin"},"content":{"rendered":"\t\t<div data-elementor-type=\"wp-page\" data-elementor-id=\"9\" class=\"elementor elementor-9\" data-elementor-post-type=\"page\">\n\t\t\t\t\t\t<section class=\"elementor-section elementor-top-section elementor-element elementor-element-402a040 elementor-section-height-full elementor-section-boxed elementor-section-height-default elementor-section-items-middle\" data-id=\"402a040\" data-element_type=\"section\" data-settings=\"{&quot;background_background&quot;:&quot;classic&quot;}\">\n\t\t\t\t\t\t<div class=\"elementor-container elementor-column-gap-default\">\n\t\t\t\t\t<div class=\"elementor-column elementor-col-100 elementor-top-column elementor-element elementor-element-9c32225\" data-id=\"9c32225\" data-element_type=\"column\" data-settings=\"{&quot;background_background&quot;:&quot;classic&quot;}\">\n\t\t\t<div class=\"elementor-widget-wrap elementor-element-populated\">\n\t\t\t\t\t\t<div class=\"elementor-element elementor-element-b7d9386 elementor-widget elementor-widget-text-editor\" data-id=\"b7d9386\" data-element_type=\"widget\" data-widget_type=\"text-editor.default\">\n\t\t\t\t<div class=\"elementor-widget-container\">\n\t\t\t\t\t\t\t<p>Za vas pripravljamo najbolj\u0161o ponudbo nepremi\u010dnin.<\/p>\t\t\t\t\t\t<\/div>\n\t\t\t\t<\/div>\n\t\t\t\t<div class=\"elementor-element elementor-element-522db43 elementor-widget elementor-widget-text-editor\" data-id=\"522db43\" data-element_type=\"widget\" data-widget_type=\"text-editor.default\">\n\t\t\t\t<div class=\"elementor-widget-container\">\n\t\t\t\t\t\t\t<p>\u010ce \u017eelite ostati na teko\u010dem, se lahko prijavite na spodnjem obrazcu.<\/p>\t\t\t\t\t\t<\/div>\n\t\t\t\t<\/div>\n\t\t\t\t<div class=\"elementor-element elementor-element-1ee9c63 elementor-button-align-stretch elementor-widget elementor-widget-form\" data-id=\"1ee9c63\" data-element_type=\"widget\" data-settings=\"{&quot;step_next_label&quot;:&quot;Next&quot;,&quot;step_previous_label&quot;:&quot;Previous&quot;,&quot;button_width&quot;:&quot;100&quot;,&quot;step_type&quot;:&quot;number_text&quot;,&quot;step_icon_shape&quot;:&quot;circle&quot;}\" data-widget_type=\"form.default\">\n\t\t\t\t<div class=\"elementor-widget-container\">\n\t\t\t\t\t<form class=\"elementor-form\" method=\"post\" name=\"New Form\">\n\t\t\t<input type=\"hidden\" name=\"post_id\" value=\"9\"\/>\n\t\t\t<input type=\"hidden\" name=\"form_id\" value=\"1ee9c63\"\/>\n\t\t\t<input type=\"hidden\" name=\"referer_title\" value=\"Prodaja nepremicnine\" \/>\n\n\t\t\t\n\t\t\t<div class=\"elementor-form-fields-wrapper elementor-labels-above\">\n\t\t\t\t\t\t\t\t<div class=\"elementor-field-type-text elementor-field-group elementor-column elementor-field-group-name elementor-col-50 elementor-field-required\">\n\t\t\t\t\t\t\t\t\t\t\t\t\t<input size=\"1\" type=\"text\" name=\"form_fields[name]\" id=\"form-field-name\" class=\"elementor-field elementor-size-sm  elementor-field-textual\" placeholder=\"Ime in Priimek\" required=\"required\" aria-required=\"true\">\n\t\t\t\t\t\t\t\t\t\t\t<\/div>\n\t\t\t\t\t\t\t\t<div class=\"elementor-field-type-email elementor-field-group elementor-column elementor-field-group-email elementor-col-50 elementor-field-required\">\n\t\t\t\t\t\t\t\t\t\t\t\t\t<input size=\"1\" type=\"email\" name=\"form_fields[email]\" id=\"form-field-email\" class=\"elementor-field elementor-size-sm  elementor-field-textual\" placeholder=\"E-mail\" required=\"required\" aria-required=\"true\">\n\t\t\t\t\t\t\t\t\t\t\t<\/div>\n\t\t\t\t\t\t\t\t<div class=\"elementor-field-type-textarea elementor-field-group elementor-column elementor-field-group-message elementor-col-100\">\n\t\t\t\t\t<textarea class=\"elementor-field-textual elementor-field  elementor-size-sm\" name=\"form_fields[message]\" id=\"form-field-message\" rows=\"4\" placeholder=\"Tukaj lahko pustite tudi sporo\u010dilo ali komentar, za nepremi\u010dnino ki vas zanima.\"><\/textarea>\t\t\t\t<\/div>\n\t\t\t\t\t\t\t\t<div class=\"elementor-field-type-recaptcha_v3 elementor-field-group elementor-column elementor-field-group-field_9d8e31b elementor-col-100 recaptcha_v3-bottomleft\">\n\t\t\t\t\t<div class=\"elementor-field\" id=\"form-field-field_9d8e31b\"><div class=\"elementor-g-recaptcha\" data-sitekey=\"6Lfx4GAqAAAAAAJoncSX9dOeJfx6evmUv8ubcmkY\" data-type=\"v3\" data-action=\"Form\" data-badge=\"bottomleft\" data-size=\"invisible\"><\/div><\/div>\t\t\t\t<\/div>\n\t\t\t\t\t\t\t\t<div class=\"elementor-field-group elementor-column elementor-field-type-submit elementor-col-100 e-form__buttons\">\n\t\t\t\t\t<button type=\"submit\" class=\"elementor-button elementor-size-sm\">\n\t\t\t\t\t\t<span >\n\t\t\t\t\t\t\t\t\t\t\t\t\t\t\t<span class=\" elementor-button-icon\">\n\t\t\t\t\t\t\t\t\t\t\t\t\t\t\t\t\t\t\t\t\t\t\t\t\t\t<\/span>\n\t\t\t\t\t\t\t\t\t\t\t\t\t\t\t\t\t\t\t\t\t\t<span class=\"elementor-button-text\">PO\u0160LJI<\/span>\n\t\t\t\t\t\t\t\t\t\t\t\t\t<\/span>\n\t\t\t\t\t<\/button>\n\t\t\t\t<\/div>\n\t\t\t<\/div>\n\t\t<\/form>\n\t\t\t\t<\/div>\n\t\t\t\t<\/div>\n\t\t\t\t<div class=\"elementor-element elementor-element-89f723f elementor-widget elementor-widget-spacer\" data-id=\"89f723f\" data-element_type=\"widget\" data-widget_type=\"spacer.default\">\n\t\t\t\t<div class=\"elementor-widget-container\">\n\t\t\t\t\t<div class=\"elementor-spacer\">\n\t\t\t<div class=\"elementor-spacer-inner\"><\/div>\n\t\t<\/div>\n\t\t\t\t<\/div>\n\t\t\t\t<\/div>\n\t\t\t\t\t<\/div>\n\t\t<\/div>\n\t\t\t\t\t<\/div>\n\t\t<\/section>\n\t\t\t\t<\/div>\n\t\t","protected":false},"excerpt":{"rendered":"<p>Za vas pripravljamo najbolj\u0161o ponudbo nepremi\u010dnin. \u010ce \u017eelite ostati na teko\u010dem, se lahko prijavite na spodnjem obrazcu.<\/p>\n","protected":false},"author":1,"featured_media":0,"parent":0,"menu_order":0,"comment_status":"closed","ping_status":"closed","template":"","meta":{"footnotes":""},"class_list":["post-9","page","type-page","status-publish","hentry"],"yoast_head":"<!-- This site is optimized with the Yoast SEO plugin v23.6 - https:\/\/yoast.com\/wordpress\/plugins\/seo\/ -->\n<title>Prodaja nepremi\u010dnin - Prodaja nepremicnine<\/title>\n<meta name=\"robots\" content=\"index, follow, max-snippet:-1, max-image-preview:large, max-video-preview:-1\" \/>\n<link rel=\"canonical\" href=\"https:\/\/prodaja-nepremicnine.si\/\" \/>\n<meta property=\"og:locale\" content=\"sl_SI\" \/>\n<meta property=\"og:type\" content=\"article\" \/>\n<meta property=\"og:title\" content=\"Prodaja nepremi\u010dnin - Prodaja nepremicnine\" \/>\n<meta property=\"og:description\" content=\"Za vas pripravljamo najbolj\u0161o ponudbo nepremi\u010dnin. \u010ce \u017eelite ostati na teko\u010dem, se lahko prijavite na spodnjem obrazcu.\" \/>\n<meta property=\"og:url\" content=\"https:\/\/prodaja-nepremicnine.si\/\" \/>\n<meta property=\"og:site_name\" content=\"Prodaja nepremicnine\" \/>\n<meta property=\"article:modified_time\" content=\"2024-10-14T07:38:32+00:00\" \/>\n<meta name=\"twitter:card\" content=\"summary_large_image\" \/>\n<meta name=\"twitter:label1\" content=\"Est. reading time\" \/>\n\t<meta name=\"twitter:data1\" content=\"1 minuta\" \/>\n<script type=\"application\/ld+json\" class=\"yoast-schema-graph\">{\"@context\":\"https:\/\/schema.org\",\"@graph\":[{\"@type\":\"WebPage\",\"@id\":\"https:\/\/prodaja-nepremicnine.si\/\",\"url\":\"https:\/\/prodaja-nepremicnine.si\/\",\"name\":\"Prodaja nepremi\u010dnin - Prodaja nepremicnine\",\"isPartOf\":{\"@id\":\"https:\/\/prodaja-nepremicnine.si\/#website\"},\"datePublished\":\"2024-10-14T07:21:02+00:00\",\"dateModified\":\"2024-10-14T07:38:32+00:00\",\"breadcrumb\":{\"@id\":\"https:\/\/prodaja-nepremicnine.si\/#breadcrumb\"},\"inLanguage\":\"sl-SI\",\"potentialAction\":[{\"@type\":\"ReadAction\",\"target\":[\"https:\/\/prodaja-nepremicnine.si\/\"]}]},{\"@type\":\"BreadcrumbList\",\"@id\":\"https:\/\/prodaja-nepremicnine.si\/#breadcrumb\",\"itemListElement\":[{\"@type\":\"ListItem\",\"position\":1,\"name\":\"Home\",\"item\":\"https:\/\/prodaja-nepremicnine.si\/\"},{\"@type\":\"ListItem\",\"position\":2,\"name\":\"Prodaja nepremi\u010dnin\"}]},{\"@type\":\"WebSite\",\"@id\":\"https:\/\/prodaja-nepremicnine.si\/#website\",\"url\":\"https:\/\/prodaja-nepremicnine.si\/\",\"name\":\"Prodaja nepremicnine\",\"description\":\"\",\"potentialAction\":[{\"@type\":\"SearchAction\",\"target\":{\"@type\":\"EntryPoint\",\"urlTemplate\":\"https:\/\/prodaja-nepremicnine.si\/?s={search_term_string}\"},\"query-input\":{\"@type\":\"PropertyValueSpecification\",\"valueRequired\":true,\"valueName\":\"search_term_string\"}}],\"inLanguage\":\"sl-SI\"}]}<\/script>\n<!-- \/ Yoast SEO plugin. -->","yoast_head_json":{"title":"Prodaja nepremi\u010dnin - Prodaja nepremicnine","robots":{"index":"index","follow":"follow","max-snippet":"max-snippet:-1","max-image-preview":"max-image-preview:large","max-video-preview":"max-video-preview:-1"},"canonical":"https:\/\/prodaja-nepremicnine.si\/","og_locale":"sl_SI","og_type":"article","og_title":"Prodaja nepremi\u010dnin - Prodaja nepremicnine","og_description":"Za vas pripravljamo najbolj\u0161o ponudbo nepremi\u010dnin. \u010ce \u017eelite ostati na teko\u010dem, se lahko prijavite na spodnjem obrazcu.","og_url":"https:\/\/prodaja-nepremicnine.si\/","og_site_name":"Prodaja nepremicnine","article_modified_time":"2024-10-14T07:38:32+00:00","twitter_card":"summary_large_image","twitter_misc":{"Est. reading time":"1 minuta"},"schema":{"@context":"https:\/\/schema.org","@graph":[{"@type":"WebPage","@id":"https:\/\/prodaja-nepremicnine.si\/","url":"https:\/\/prodaja-nepremicnine.si\/","name":"Prodaja nepremi\u010dnin - Prodaja nepremicnine","isPartOf":{"@id":"https:\/\/prodaja-nepremicnine.si\/#website"},"datePublished":"2024-10-14T07:21:02+00:00","dateModified":"2024-10-14T07:38:32+00:00","breadcrumb":{"@id":"https:\/\/prodaja-nepremicnine.si\/#breadcrumb"},"inLanguage":"sl-SI","potentialAction":[{"@type":"ReadAction","target":["https:\/\/prodaja-nepremicnine.si\/"]}]},{"@type":"BreadcrumbList","@id":"https:\/\/prodaja-nepremicnine.si\/#breadcrumb","itemListElement":[{"@type":"ListItem","position":1,"name":"Home","item":"https:\/\/prodaja-nepremicnine.si\/"},{"@type":"ListItem","position":2,"name":"Prodaja nepremi\u010dnin"}]},{"@type":"WebSite","@id":"https:\/\/prodaja-nepremicnine.si\/#website","url":"https:\/\/prodaja-nepremicnine.si\/","name":"Prodaja nepremicnine","description":"","potentialAction":[{"@type":"SearchAction","target":{"@type":"EntryPoint","urlTemplate":"https:\/\/prodaja-nepremicnine.si\/?s={search_term_string}"},"query-input":{"@type":"PropertyValueSpecification","valueRequired":true,"valueName":"search_term_string"}}],"inLanguage":"sl-SI"}]}},"_links":{"self":[{"href":"https:\/\/prodaja-nepremicnine.si\/index.php\/wp-json\/wp\/v2\/pages\/9","targetHints":{"allow":["GET"]}}],"collection":[{"href":"https:\/\/prodaja-nepremicnine.si\/index.php\/wp-json\/wp\/v2\/pages"}],"about":[{"href":"https:\/\/prodaja-nepremicnine.si\/index.php\/wp-json\/wp\/v2\/types\/page"}],"author":[{"embeddable":true,"href":"https:\/\/prodaja-nepremicnine.si\/index.php\/wp-json\/wp\/v2\/users\/1"}],"replies":[{"embeddable":true,"href":"https:\/\/prodaja-nepremicnine.si\/index.php\/wp-json\/wp\/v2\/comments?post=9"}],"version-history":[{"count":28,"href":"https:\/\/prodaja-nepremicnine.si\/index.php\/wp-json\/wp\/v2\/pages\/9\/revisions"}],"predecessor-version":[{"id":41,"href":"https:\/\/prodaja-nepremicnine.si\/index.php\/wp-json\/wp\/v2\/pages\/9\/revisions\/41"}],"wp:attachment":[{"href":"https:\/\/prodaja-nepremicnine.si\/index.php\/wp-json\/wp\/v2\/media?parent=9"}],"curies":[{"name":"wp","href":"https:\/\/api.w.org\/{rel}","templated":true}]}}